{"id":13,"date":"2021-10-17T18:57:29","date_gmt":"2021-10-17T18:57:29","guid":{"rendered":"https:\/\/www.pohjois-suomenensiapukoulutusoy.fi\/?page_id=13"},"modified":"2021-10-21T08:31:18","modified_gmt":"2021-10-21T08:31:18","slug":"etusivu","status":"publish","type":"page","link":"https:\/\/www.pohjois-suomenensiapukoulutusoy.fi\/","title":{"rendered":"Etusivu"},"content":{"rendered":"\t\t<div data-elementor-type=\"wp-page\" data-elementor-id=\"13\" class=\"elementor elementor-13\" data-elementor-settings=\"[]\">\n\t\t\t\t\t\t\t<div class=\"elementor-section-wrap\">\n\t\t\t\t\t\t\t<section class=\"elementor-section elementor-top-section elementor-element elementor-element-e3acf31 elementor-section-boxed elementor-section-height-default elementor-section-height-default\" data-id=\"e3acf31\" data-element_type=\"section\" data-settings=\"{&quot;background_background&quot;:&quot;classic&quot;}\">\n\t\t\t\t\t\t\t<div class=\"elementor-background-overlay\"><\/div>\n\t\t\t\t\t\t\t<div class=\"elementor-container elementor-column-gap-default\">\n\t\t\t\t\t<div class=\"elementor-column elementor-col-100 elementor-top-column elementor-element elementor-element-0ead148\" data-id=\"0ead148\" data-element_type=\"column\">\n\t\t\t<div class=\"elementor-widget-wrap elementor-element-populated\">\n\t\t\t\t\t\t\t\t<div class=\"elementor-element elementor-element-0a389a0 elementor-widget elementor-widget-heading\" data-id=\"0a389a0\" data-element_type=\"widget\" data-widget_type=\"heading.default\">\n\t\t\t\t<div class=\"elementor-widget-container\">\n\t\t\t<h2 class=\"elementor-heading-title elementor-size-default\">Tarjoamme laadukkaita ensiapu-, sosterturvakortti- ja ty\u00f6turvallisuuskorttikoulutuksia.<\/h2>\t\t<\/div>\n\t\t\t\t<\/div>\n\t\t\t\t<div class=\"elementor-element elementor-element-0455eac elementor-widget-divider--view-line elementor-widget elementor-widget-divider\" data-id=\"0455eac\" data-element_type=\"widget\" data-widget_type=\"divider.default\">\n\t\t\t\t<div class=\"elementor-widget-container\">\n\t\t\t\t\t<div class=\"elementor-divider\">\n\t\t\t<span class=\"elementor-divider-separator\">\n\t\t\t\t\t\t<\/span>\n\t\t<\/div>\n\t\t\t\t<\/div>\n\t\t\t\t<\/div>\n\t\t\t\t<div class=\"elementor-element elementor-element-cf0e5b8 elementor-align-center elementor-widget elementor-widget-button\" data-id=\"cf0e5b8\" data-element_type=\"widget\" data-widget_type=\"button.default\">\n\t\t\t\t<div class=\"elementor-widget-container\">\n\t\t\t\t\t<div class=\"elementor-button-wrapper\">\n\t\t\t<a href=\"https:\/\/www.pohjois-suomenensiapukoulutusoy.fi\/index.php\/yhteystiedot\/\" class=\"elementor-button-link elementor-button elementor-size-sm\" role=\"button\">\n\t\t\t\t\t\t<span class=\"elementor-button-content-wrapper\">\n\t\t\t\t\t\t<span class=\"elementor-button-text\">OTA YHTEYTT\u00c4<\/span>\n\t\t<\/span>\n\t\t\t\t\t<\/a>\n\t\t<\/div>\n\t\t\t\t<\/div>\n\t\t\t\t<\/div>\n\t\t\t\t\t<\/div>\n\t\t<\/div>\n\t\t\t\t\t\t\t<\/div>\n\t\t<\/section>\n\t\t\t\t<section class=\"elementor-section elementor-top-section elementor-element elementor-element-dab039d elementor-section-boxed elementor-section-height-default elementor-section-height-default\" data-id=\"dab039d\" data-element_type=\"section\" data-settings=\"{&quot;background_background&quot;:&quot;classic&quot;}\">\n\t\t\t\t\t\t<div class=\"elementor-container elementor-column-gap-default\">\n\t\t\t\t\t<div class=\"elementor-column elementor-col-100 elementor-top-column elementor-element elementor-element-f6afb05\" data-id=\"f6afb05\" data-element_type=\"column\">\n\t\t\t<div class=\"elementor-widget-wrap elementor-element-populated\">\n\t\t\t\t\t\t\t\t<section class=\"elementor-section elementor-inner-section elementor-element elementor-element-36a8403 elementor-section-boxed elementor-section-height-default elementor-section-height-default\" data-id=\"36a8403\" data-element_type=\"section\">\n\t\t\t\t\t\t<div class=\"elementor-container elementor-column-gap-default\">\n\t\t\t\t\t<div class=\"elementor-column elementor-col-50 elementor-inner-column elementor-element elementor-element-2bcdfdd\" data-id=\"2bcdfdd\" data-element_type=\"column\">\n\t\t\t<div class=\"elementor-widget-wrap elementor-element-populated\">\n\t\t\t\t\t\t\t\t<div class=\"elementor-element elementor-element-fb3b8bf elementor-widget elementor-widget-image\" data-id=\"fb3b8bf\" data-element_type=\"widget\" data-widget_type=\"image.default\">\n\t\t\t\t<div class=\"elementor-widget-container\">\n\t\t\t\t\t\t\t\t\t\t\t\t\t\t\t<img width=\"1024\" height=\"683\" src=\"https:\/\/www.pohjois-suomenensiapukoulutusoy.fi\/wp-content\/uploads\/2021\/10\/4-1024x683.png\" class=\"attachment-large size-large\" alt=\"\" loading=\"lazy\" srcset=\"https:\/\/www.pohjois-suomenensiapukoulutusoy.fi\/wp-content\/uploads\/2021\/10\/4-1024x683.png 1024w, https:\/\/www.pohjois-suomenensiapukoulutusoy.fi\/wp-content\/uploads\/2021\/10\/4-300x200.png 300w, https:\/\/www.pohjois-suomenensiapukoulutusoy.fi\/wp-content\/uploads\/2021\/10\/4-768x512.png 768w, https:\/\/www.pohjois-suomenensiapukoulutusoy.fi\/wp-content\/uploads\/2021\/10\/4.png 1200w\" sizes=\"(max-width: 1024px) 100vw, 1024px\" \/>\t\t\t\t\t\t\t\t\t\t\t\t\t\t\t<\/div>\n\t\t\t\t<\/div>\n\t\t\t\t\t<\/div>\n\t\t<\/div>\n\t\t\t\t<div class=\"elementor-column elementor-col-50 elementor-inner-column elementor-element elementor-element-2d40a86\" data-id=\"2d40a86\" data-element_type=\"column\">\n\t\t\t<div class=\"elementor-widget-wrap elementor-element-populated\">\n\t\t\t\t\t\t\t\t<div class=\"elementor-element elementor-element-31a699c elementor-widget elementor-widget-heading\" data-id=\"31a699c\" data-element_type=\"widget\" data-widget_type=\"heading.default\">\n\t\t\t\t<div class=\"elementor-widget-container\">\n\t\t\t<h2 class=\"elementor-heading-title elementor-size-default\">Esittely<\/h2>\t\t<\/div>\n\t\t\t\t<\/div>\n\t\t\t\t<div class=\"elementor-element elementor-element-06bb359 elementor-widget elementor-widget-text-editor\" data-id=\"06bb359\" data-element_type=\"widget\" data-widget_type=\"text-editor.default\">\n\t\t\t\t<div class=\"elementor-widget-container\">\n\t\t\t\t\t\t\t<p>Hei, olen Erkki Udd, Koillismaan pelastuslaitoksen ensihoitaja ja sivutoiminen yritt\u00e4j\u00e4.<\/p>\t\t\t\t\t\t<\/div>\n\t\t\t\t<\/div>\n\t\t\t\t<div class=\"elementor-element elementor-element-4e47b4f elementor-widget elementor-widget-button\" data-id=\"4e47b4f\" data-element_type=\"widget\" data-widget_type=\"button.default\">\n\t\t\t\t<div class=\"elementor-widget-container\">\n\t\t\t\t\t<div class=\"elementor-button-wrapper\">\n\t\t\t<a href=\"https:\/\/www.pohjois-suomenensiapukoulutusoy.fi\/index.php\/esittely\/\" class=\"elementor-button-link elementor-button elementor-size-sm\" role=\"button\">\n\t\t\t\t\t\t<span class=\"elementor-button-content-wrapper\">\n\t\t\t\t\t\t<span class=\"elementor-button-text\">Lue lis\u00e4\u00e4<\/span>\n\t\t<\/span>\n\t\t\t\t\t<\/a>\n\t\t<\/div>\n\t\t\t\t<\/div>\n\t\t\t\t<\/div>\n\t\t\t\t\t<\/div>\n\t\t<\/div>\n\t\t\t\t\t\t\t<\/div>\n\t\t<\/section>\n\t\t\t\t\t<\/div>\n\t\t<\/div>\n\t\t\t\t\t\t\t<\/div>\n\t\t<\/section>\n\t\t\t\t<section class=\"elementor-section elementor-top-section elementor-element elementor-element-c69ab0a elementor-section-boxed elementor-section-height-default elementor-section-height-default\" data-id=\"c69ab0a\" data-element_type=\"section\">\n\t\t\t\t\t\t<div class=\"elementor-container elementor-column-gap-default\">\n\t\t\t\t\t<div class=\"elementor-column elementor-col-100 elementor-top-column elementor-element elementor-element-8c398e1\" data-id=\"8c398e1\" data-element_type=\"column\">\n\t\t\t<div class=\"elementor-widget-wrap elementor-element-populated\">\n\t\t\t\t\t\t\t\t<section class=\"elementor-section elementor-inner-section elementor-element elementor-element-9b7531a elementor-reverse-mobile elementor-section-boxed elementor-section-height-default elementor-section-height-default\" data-id=\"9b7531a\" data-element_type=\"section\">\n\t\t\t\t\t\t<div class=\"elementor-container elementor-column-gap-default\">\n\t\t\t\t\t<div class=\"elementor-column elementor-col-50 elementor-inner-column elementor-element elementor-element-fc112b3\" data-id=\"fc112b3\" data-element_type=\"column\">\n\t\t\t<div class=\"elementor-widget-wrap elementor-element-populated\">\n\t\t\t\t\t\t\t\t<div class=\"elementor-element elementor-element-a76380e elementor-widget elementor-widget-heading\" data-id=\"a76380e\" data-element_type=\"widget\" data-widget_type=\"heading.default\">\n\t\t\t\t<div class=\"elementor-widget-container\">\n\t\t\t<h2 class=\"elementor-heading-title elementor-size-default\">Palvelut<\/h2>\t\t<\/div>\n\t\t\t\t<\/div>\n\t\t\t\t<div class=\"elementor-element elementor-element-d19bb35 elementor-widget elementor-widget-text-editor\" data-id=\"d19bb35\" data-element_type=\"widget\" data-widget_type=\"text-editor.default\">\n\t\t\t\t<div class=\"elementor-widget-container\">\n\t\t\t\t\t\t\t<p>Tarjoamme laadukkaita ensiapu-, sosterturvakortti- ja ty\u00f6turvallisuuskorttikoulutuksia.<\/p>\t\t\t\t\t\t<\/div>\n\t\t\t\t<\/div>\n\t\t\t\t<div class=\"elementor-element elementor-element-b315918 elementor-widget elementor-widget-button\" data-id=\"b315918\" data-element_type=\"widget\" data-widget_type=\"button.default\">\n\t\t\t\t<div class=\"elementor-widget-container\">\n\t\t\t\t\t<div class=\"elementor-button-wrapper\">\n\t\t\t<a href=\"https:\/\/www.pohjois-suomenensiapukoulutusoy.fi\/index.php\/palvelut\/\" class=\"elementor-button-link elementor-button elementor-size-sm\" role=\"button\">\n\t\t\t\t\t\t<span class=\"elementor-button-content-wrapper\">\n\t\t\t\t\t\t<span class=\"elementor-button-text\">Lue lis\u00e4\u00e4<\/span>\n\t\t<\/span>\n\t\t\t\t\t<\/a>\n\t\t<\/div>\n\t\t\t\t<\/div>\n\t\t\t\t<\/div>\n\t\t\t\t\t<\/div>\n\t\t<\/div>\n\t\t\t\t<div class=\"elementor-column elementor-col-50 elementor-inner-column elementor-element elementor-element-0b73043\" data-id=\"0b73043\" data-element_type=\"column\">\n\t\t\t<div class=\"elementor-widget-wrap elementor-element-populated\">\n\t\t\t\t\t\t\t\t<div class=\"elementor-element elementor-element-08c3753 elementor-widget elementor-widget-image\" data-id=\"08c3753\" data-element_type=\"widget\" data-widget_type=\"image.default\">\n\t\t\t\t<div class=\"elementor-widget-container\">\n\t\t\t\t\t\t\t\t\t\t\t\t\t\t\t<img width=\"1024\" height=\"683\" src=\"https:\/\/www.pohjois-suomenensiapukoulutusoy.fi\/wp-content\/uploads\/2021\/10\/3-1024x683.png\" class=\"attachment-large size-large\" alt=\"\" loading=\"lazy\" srcset=\"https:\/\/www.pohjois-suomenensiapukoulutusoy.fi\/wp-content\/uploads\/2021\/10\/3-1024x683.png 1024w, https:\/\/www.pohjois-suomenensiapukoulutusoy.fi\/wp-content\/uploads\/2021\/10\/3-300x200.png 300w, https:\/\/www.pohjois-suomenensiapukoulutusoy.fi\/wp-content\/uploads\/2021\/10\/3-768x512.png 768w, https:\/\/www.pohjois-suomenensiapukoulutusoy.fi\/wp-content\/uploads\/2021\/10\/3.png 1200w\" sizes=\"(max-width: 1024px) 100vw, 1024px\" \/>\t\t\t\t\t\t\t\t\t\t\t\t\t\t\t<\/div>\n\t\t\t\t<\/div>\n\t\t\t\t\t<\/div>\n\t\t<\/div>\n\t\t\t\t\t\t\t<\/div>\n\t\t<\/section>\n\t\t\t\t\t<\/div>\n\t\t<\/div>\n\t\t\t\t\t\t\t<\/div>\n\t\t<\/section>\n\t\t\t\t<section class=\"elementor-section elementor-top-section elementor-element elementor-element-4fd2edc elementor-section-boxed elementor-section-height-default elementor-section-height-default\" data-id=\"4fd2edc\" data-element_type=\"section\">\n\t\t\t\t\t\t<div class=\"elementor-container elementor-column-gap-default\">\n\t\t\t\t\t<div class=\"elementor-column elementor-col-100 elementor-top-column elementor-element elementor-element-20f22a1\" data-id=\"20f22a1\" data-element_type=\"column\">\n\t\t\t<div class=\"elementor-widget-wrap elementor-element-populated\">\n\t\t\t\t\t\t\t\t<section class=\"elementor-section elementor-inner-section elementor-element elementor-element-bf1bc7a elementor-section-boxed elementor-section-height-default elementor-section-height-default\" data-id=\"bf1bc7a\" data-element_type=\"section\">\n\t\t\t\t\t\t<div class=\"elementor-container elementor-column-gap-default\">\n\t\t\t\t\t<div class=\"elementor-column elementor-col-50 elementor-inner-column elementor-element elementor-element-2ce7116\" data-id=\"2ce7116\" data-element_type=\"column\">\n\t\t\t<div class=\"elementor-widget-wrap elementor-element-populated\">\n\t\t\t\t\t\t\t\t<div class=\"elementor-element elementor-element-6eace1f elementor-widget elementor-widget-image\" data-id=\"6eace1f\" data-element_type=\"widget\" data-widget_type=\"image.default\">\n\t\t\t\t<div class=\"elementor-widget-container\">\n\t\t\t\t\t\t\t\t\t\t\t\t\t\t\t<img width=\"1024\" height=\"683\" src=\"https:\/\/www.pohjois-suomenensiapukoulutusoy.fi\/wp-content\/uploads\/2021\/10\/1-1024x683.png\" class=\"attachment-large size-large\" alt=\"\" loading=\"lazy\" srcset=\"https:\/\/www.pohjois-suomenensiapukoulutusoy.fi\/wp-content\/uploads\/2021\/10\/1-1024x683.png 1024w, https:\/\/www.pohjois-suomenensiapukoulutusoy.fi\/wp-content\/uploads\/2021\/10\/1-300x200.png 300w, https:\/\/www.pohjois-suomenensiapukoulutusoy.fi\/wp-content\/uploads\/2021\/10\/1-768x512.png 768w, https:\/\/www.pohjois-suomenensiapukoulutusoy.fi\/wp-content\/uploads\/2021\/10\/1.png 1200w\" sizes=\"(max-width: 1024px) 100vw, 1024px\" \/>\t\t\t\t\t\t\t\t\t\t\t\t\t\t\t<\/div>\n\t\t\t\t<\/div>\n\t\t\t\t\t<\/div>\n\t\t<\/div>\n\t\t\t\t<div class=\"elementor-column elementor-col-50 elementor-inner-column elementor-element elementor-element-dd2e11f\" data-id=\"dd2e11f\" data-element_type=\"column\">\n\t\t\t<div class=\"elementor-widget-wrap elementor-element-populated\">\n\t\t\t\t\t\t\t\t<div class=\"elementor-element elementor-element-2560ed6 elementor-widget elementor-widget-heading\" data-id=\"2560ed6\" data-element_type=\"widget\" data-widget_type=\"heading.default\">\n\t\t\t\t<div class=\"elementor-widget-container\">\n\t\t\t<h2 class=\"elementor-heading-title elementor-size-default\">Koulutukset<\/h2>\t\t<\/div>\n\t\t\t\t<\/div>\n\t\t\t\t<div class=\"elementor-element elementor-element-ad325ee elementor-widget elementor-widget-text-editor\" data-id=\"ad325ee\" data-element_type=\"widget\" data-widget_type=\"text-editor.default\">\n\t\t\t\t<div class=\"elementor-widget-container\">\n\t\t\t\t\t\t\t<p>Ensiapukoulutus antaa jokaiselle kansalaiselle v\u00e4ltt\u00e4m\u00e4tt\u00f6m\u00e4t ensiaputaidot el\u00e4m\u00e4n varrella vastaantulevissa kriisitilanteissa. Osaatko sin\u00e4 auttaa? <strong>Tervetuloa oppimaan!<\/strong><\/p>\t\t\t\t\t\t<\/div>\n\t\t\t\t<\/div>\n\t\t\t\t<div class=\"elementor-element elementor-element-67de87d elementor-widget elementor-widget-button\" data-id=\"67de87d\" data-element_type=\"widget\" data-widget_type=\"button.default\">\n\t\t\t\t<div class=\"elementor-widget-container\">\n\t\t\t\t\t<div class=\"elementor-button-wrapper\">\n\t\t\t<a href=\"https:\/\/www.pohjois-suomenensiapukoulutusoy.fi\/index.php\/koulutukset\/\" class=\"elementor-button-link elementor-button elementor-size-sm\" role=\"button\">\n\t\t\t\t\t\t<span class=\"elementor-button-content-wrapper\">\n\t\t\t\t\t\t<span class=\"elementor-button-text\">Lue lis\u00e4\u00e4<\/span>\n\t\t<\/span>\n\t\t\t\t\t<\/a>\n\t\t<\/div>\n\t\t\t\t<\/div>\n\t\t\t\t<\/div>\n\t\t\t\t\t<\/div>\n\t\t<\/div>\n\t\t\t\t\t\t\t<\/div>\n\t\t<\/section>\n\t\t\t\t\t<\/div>\n\t\t<\/div>\n\t\t\t\t\t\t\t<\/div>\n\t\t<\/section>\n\t\t\t\t<section class=\"elementor-section elementor-top-section elementor-element elementor-element-1a6d706 elementor-section-boxed elementor-section-height-default elementor-section-height-default\" data-id=\"1a6d706\" data-element_type=\"section\">\n\t\t\t\t\t\t<div class=\"elementor-container elementor-column-gap-default\">\n\t\t\t\t\t<div class=\"elementor-column elementor-col-100 elementor-top-column elementor-element elementor-element-6192343\" data-id=\"6192343\" data-element_type=\"column\">\n\t\t\t<div class=\"elementor-widget-wrap elementor-element-populated\">\n\t\t\t\t\t\t\t\t<section class=\"elementor-section elementor-inner-section elementor-element elementor-element-d99d854 elementor-reverse-mobile elementor-section-boxed elementor-section-height-default elementor-section-height-default\" data-id=\"d99d854\" data-element_type=\"section\">\n\t\t\t\t\t\t<div class=\"elementor-container elementor-column-gap-default\">\n\t\t\t\t\t<div class=\"elementor-column elementor-col-50 elementor-inner-column elementor-element elementor-element-4b03bfe\" data-id=\"4b03bfe\" data-element_type=\"column\">\n\t\t\t<div class=\"elementor-widget-wrap elementor-element-populated\">\n\t\t\t\t\t\t\t\t<div class=\"elementor-element elementor-element-5dec559 elementor-widget elementor-widget-heading\" data-id=\"5dec559\" data-element_type=\"widget\" data-widget_type=\"heading.default\">\n\t\t\t\t<div class=\"elementor-widget-container\">\n\t\t\t<h2 class=\"elementor-heading-title elementor-size-default\">Yhteystiedot<\/h2>\t\t<\/div>\n\t\t\t\t<\/div>\n\t\t\t\t<div class=\"elementor-element elementor-element-aee9197 elementor-widget elementor-widget-text-editor\" data-id=\"aee9197\" data-element_type=\"widget\" data-widget_type=\"text-editor.default\">\n\t\t\t\t<div class=\"elementor-widget-container\">\n\t\t\t\t\t\t\t<p>Voit ottaa yhteytt\u00e4 puhelimella, s\u00e4hk\u00f6postilla tai lomakkeella.<\/p>\t\t\t\t\t\t<\/div>\n\t\t\t\t<\/div>\n\t\t\t\t<div class=\"elementor-element elementor-element-3a17199 elementor-widget elementor-widget-button\" data-id=\"3a17199\" data-element_type=\"widget\" data-widget_type=\"button.default\">\n\t\t\t\t<div class=\"elementor-widget-container\">\n\t\t\t\t\t<div class=\"elementor-button-wrapper\">\n\t\t\t<a href=\"https:\/\/www.pohjois-suomenensiapukoulutusoy.fi\/index.php\/yhteystiedot\/\" class=\"elementor-button-link elementor-button elementor-size-sm\" role=\"button\">\n\t\t\t\t\t\t<span class=\"elementor-button-content-wrapper\">\n\t\t\t\t\t\t<span class=\"elementor-button-text\">Ota yhteytt\u00e4<\/span>\n\t\t<\/span>\n\t\t\t\t\t<\/a>\n\t\t<\/div>\n\t\t\t\t<\/div>\n\t\t\t\t<\/div>\n\t\t\t\t\t<\/div>\n\t\t<\/div>\n\t\t\t\t<div class=\"elementor-column elementor-col-50 elementor-inner-column elementor-element elementor-element-6bf799f\" data-id=\"6bf799f\" data-element_type=\"column\">\n\t\t\t<div class=\"elementor-widget-wrap elementor-element-populated\">\n\t\t\t\t\t\t\t\t<div class=\"elementor-element elementor-element-a713a07 elementor-widget elementor-widget-image\" data-id=\"a713a07\" data-element_type=\"widget\" data-widget_type=\"image.default\">\n\t\t\t\t<div class=\"elementor-widget-container\">\n\t\t\t\t\t\t\t\t\t\t\t\t\t\t\t<img width=\"1024\" height=\"683\" src=\"https:\/\/www.pohjois-suomenensiapukoulutusoy.fi\/wp-content\/uploads\/2021\/10\/office--1024x683.jpg\" class=\"attachment-large size-large\" alt=\"\" loading=\"lazy\" srcset=\"https:\/\/www.pohjois-suomenensiapukoulutusoy.fi\/wp-content\/uploads\/2021\/10\/office--1024x683.jpg 1024w, https:\/\/www.pohjois-suomenensiapukoulutusoy.fi\/wp-content\/uploads\/2021\/10\/office--300x200.jpg 300w, https:\/\/www.pohjois-suomenensiapukoulutusoy.fi\/wp-content\/uploads\/2021\/10\/office--768x512.jpg 768w, https:\/\/www.pohjois-suomenensiapukoulutusoy.fi\/wp-content\/uploads\/2021\/10\/office--1536x1024.jpg 1536w, https:\/\/www.pohjois-suomenensiapukoulutusoy.fi\/wp-content\/uploads\/2021\/10\/office-.jpg 1920w\" sizes=\"(max-width: 1024px) 100vw, 1024px\" \/>\t\t\t\t\t\t\t\t\t\t\t\t\t\t\t<\/div>\n\t\t\t\t<\/div>\n\t\t\t\t\t<\/div>\n\t\t<\/div>\n\t\t\t\t\t\t\t<\/div>\n\t\t<\/section>\n\t\t\t\t\t<\/div>\n\t\t<\/div>\n\t\t\t\t\t\t\t<\/div>\n\t\t<\/section>\n\t\t\t\t\t\t<\/div>\n\t\t\t\t\t<\/div>\n\t\t","protected":false},"excerpt":{"rendered":"<p>Tarjoamme laadukkaita ensiapu-, sosterturvakortti- ja ty\u00f6turvallisuuskorttikoulutuksia. OTA YHTEYTT\u00c4 Esittely Hei, olen Erkki Udd, Koillismaan pelastuslaitoksen ensihoitaja ja sivutoiminen yritt\u00e4j\u00e4. Lue lis\u00e4\u00e4 Palvelut Tarjoamme laadukkaita ensiapu-, sosterturvakortti- ja ty\u00f6turvallisuuskorttikoulutuksia. Lue lis\u00e4\u00e4 Koulutukset Ensiapukoulutus antaa jokaiselle kansalaiselle v\u00e4ltt\u00e4m\u00e4tt\u00f6m\u00e4t ensiaputaidot el\u00e4m\u00e4n varrella vastaantulevissa kriisitilanteissa. Osaatko sin\u00e4 auttaa? Tervetuloa oppimaan! Lue lis\u00e4\u00e4 Yhteystiedot Voit ottaa yhteytt\u00e4 puhelimella, s\u00e4hk\u00f6postilla tai [&hellip;]<\/p>\n","protected":false},"author":1,"featured_media":0,"parent":0,"menu_order":0,"comment_status":"closed","ping_status":"closed","template":"elementor_header_footer","meta":[],"_links":{"self":[{"href":"https:\/\/www.pohjois-suomenensiapukoulutusoy.fi\/index.php\/wp-json\/wp\/v2\/pages\/13"}],"collection":[{"href":"https:\/\/www.pohjois-suomenensiapukoulutusoy.fi\/index.php\/wp-json\/wp\/v2\/pages"}],"about":[{"href":"https:\/\/www.pohjois-suomenensiapukoulutusoy.fi\/index.php\/wp-json\/wp\/v2\/types\/page"}],"author":[{"embeddable":true,"href":"https:\/\/www.pohjois-suomenensiapukoulutusoy.fi\/index.php\/wp-json\/wp\/v2\/users\/1"}],"replies":[{"embeddable":true,"href":"https:\/\/www.pohjois-suomenensiapukoulutusoy.fi\/index.php\/wp-json\/wp\/v2\/comments?post=13"}],"version-history":[{"count":67,"href":"https:\/\/www.pohjois-suomenensiapukoulutusoy.fi\/index.php\/wp-json\/wp\/v2\/pages\/13\/revisions"}],"predecessor-version":[{"id":228,"href":"https:\/\/www.pohjois-suomenensiapukoulutusoy.fi\/index.php\/wp-json\/wp\/v2\/pages\/13\/revisions\/228"}],"wp:attachment":[{"href":"https:\/\/www.pohjois-suomenensiapukoulutusoy.fi\/index.php\/wp-json\/wp\/v2\/media?parent=13"}],"curies":[{"name":"wp","href":"https:\/\/api.w.org\/{rel}","templated":true}]}}